{"id":671,"date":"2024-12-17T13:39:20","date_gmt":"2024-12-17T12:39:20","guid":{"rendered":"https:\/\/igauss.pl\/o-nas\/"},"modified":"2025-11-13T12:50:03","modified_gmt":"2025-11-13T11:50:03","slug":"about-us","status":"publish","type":"page","link":"https:\/\/igauss.pl\/en\/about-us\/","title":{"rendered":"About us"},"content":{"rendered":"\n<div class=\"wp-block-group has-global-padding is-layout-constrained wp-block-group-is-layout-constrained\">\n<div aria-hidden=\"true\" class=\"wp-block-fsb-flexible-spacer fsb-flexible-spacer\"><div class=\"fsb-flexible-spacer__device fsb-flexible-spacer__device--lg\" style=\"height:12rem\"><\/div><div class=\"fsb-flexible-spacer__device fsb-flexible-spacer__device--md\" style=\"height:8rem\"><\/div><div class=\"fsb-flexible-spacer__device fsb-flexible-spacer__device--sm\" style=\"height:8rem\"><\/div><\/div>\n\n\n<div class=\"wp-bootstrap-blocks-container container mb-2\">\n\t\n<div class=\"wp-bootstrap-blocks-row row\">\n\t\n\n<div class=\"col-12 col-md-6\">\n\t\t\t\n\n<figure class=\"wp-block-image size-full\"><img loading=\"lazy\" decoding=\"async\" width=\"640\" height=\"640\" src=\"https:\/\/igauss.pl\/wp-content\/uploads\/2024\/12\/darek-ambroziak.jpg\" alt=\"\" class=\"wp-image-190\" srcset=\"https:\/\/igauss.pl\/wp-content\/uploads\/2024\/12\/darek-ambroziak.jpg 640w, https:\/\/igauss.pl\/wp-content\/uploads\/2024\/12\/darek-ambroziak-300x300.jpg 300w, https:\/\/igauss.pl\/wp-content\/uploads\/2024\/12\/darek-ambroziak-150x150.jpg 150w\" sizes=\"auto, (max-width: 640px) 100vw, 640px\" \/><\/figure>\n\n\t<\/div>\n\n\n\n<div class=\"col-12 col-md-4 offset-md-1\">\n\t\t\t\n\n<div class=\"wp-block-group height-center is-nowrap is-layout-flex wp-container-core-group-is-layout-ef860056 wp-block-group-is-layout-flex\" style=\"border-style:none;border-width:0px;margin-top:var(--wp--preset--spacing--30);margin-bottom:var(--wp--preset--spacing--30);padding-top:var(--wp--preset--spacing--30);padding-right:0;padding-bottom:var(--wp--preset--spacing--30);padding-left:0\">\n<h2 class=\"wp-block-heading\" style=\"font-size:clamp(1.743rem, 1.743rem + ((1vw - 0.2rem) * 1.524), 3rem);\">Darek Ambroziak<\/h2>\n\n\n\n<p class=\"has-montserrat-font-family\" style=\"font-size:clamp(0.875rem, 0.875rem + ((1vw - 0.2rem) * 0.273), 1.1rem);font-style:normal;font-weight:300\">An organizational psychologist, he has always been fascinated with societal life and business. Passionate about individual work on managers\u2019 development and the changes they go through. Focusing on boosting organizational performance \u2013 including by enhancing the level of cooperation \u2013 for over 20 years in his work. Manages the Gauss Institute, and is responsible for building customer relations.<\/p>\n\n\n\n<div class=\"wp-block-group is-content-justification-left is-nowrap is-layout-flex wp-container-core-group-is-layout-174ca0a5 wp-block-group-is-layout-flex\">\n<figure class=\"wp-block-image size-full\"><a href=\"mailto:d.ambroziak@igauss.pl\"><img loading=\"lazy\" decoding=\"async\" width=\"32\" height=\"32\" src=\"https:\/\/igauss.pl\/wp-content\/uploads\/2024\/12\/icon1.png\" alt=\"\" class=\"wp-image-285\"\/><\/a><\/figure>\n\n\n\n<figure class=\"wp-block-image size-full\"><a href=\"https:\/\/www.researchgate.net\/profile\/Dariusz-Ambroziak-2\" target=\"_blank\" rel=\" noreferrer noopener\"><img loading=\"lazy\" decoding=\"async\" width=\"32\" height=\"32\" src=\"https:\/\/igauss.pl\/wp-content\/uploads\/2024\/12\/icon2.png\" alt=\"\" class=\"wp-image-286\"\/><\/a><\/figure>\n\n\n\n<figure class=\"wp-block-image size-full\"><a href=\"https:\/\/www.linkedin.com\/in\/darekambroziak\/\" target=\"_blank\" rel=\" noreferrer noopener\"><img loading=\"lazy\" decoding=\"async\" width=\"32\" height=\"32\" src=\"https:\/\/igauss.pl\/wp-content\/uploads\/2024\/12\/icon3.png\" alt=\"\" class=\"wp-image-288\"\/><\/a><\/figure>\n<\/div>\n<\/div>\n\n\t<\/div>\n\n<\/div>\n\n<\/div>\n\n\n\n<div aria-hidden=\"true\" class=\"wp-block-fsb-flexible-spacer fsb-flexible-spacer\"><div class=\"fsb-flexible-spacer__device fsb-flexible-spacer__device--lg\" style=\"height:4rem\"><\/div><div class=\"fsb-flexible-spacer__device fsb-flexible-spacer__device--md\" style=\"height:4rem\"><\/div><div class=\"fsb-flexible-spacer__device fsb-flexible-spacer__device--sm\" style=\"height:2rem\"><\/div><\/div>\n<\/div>\n\n\n\n<div class=\"wp-block-group has-global-padding is-layout-constrained wp-block-group-is-layout-constrained\"><div class=\"wp-bootstrap-blocks-container container mb-2\">\n\t\n<div class=\"wp-bootstrap-blocks-row row row-revers-mobile\">\n\t\n\n<div class=\"col-12 col-md-4 offset-md-1\">\n\t\t\t\n\n<div class=\"wp-block-group height-center is-nowrap is-layout-flex wp-container-core-group-is-layout-6c531013 wp-block-group-is-layout-flex\">\n<h2 class=\"wp-block-heading\" style=\"font-size:clamp(1.743rem, 1.743rem + ((1vw - 0.2rem) * 1.524), 3rem);\">dr Victor Wekselberg<\/h2>\n\n\n\n<p class=\"has-montserrat-font-family\" style=\"font-size:clamp(0.875rem, 0.875rem + ((1vw - 0.2rem) * 0.273), 1.1rem);font-style:normal;font-weight:300\">An organizational psychologist with over 40 years of experience. Working on the development of organizations, teams, and people based on his own concepts of cooperation and motivation.<\/p>\n\n\n\n<div class=\"wp-block-group is-content-justification-left is-nowrap is-layout-flex wp-container-core-group-is-layout-174ca0a5 wp-block-group-is-layout-flex\">\n<figure class=\"wp-block-image size-full\"><a href=\"mailto:v.wekselberg@igauss.pl\"><img loading=\"lazy\" decoding=\"async\" width=\"32\" height=\"32\" src=\"https:\/\/igauss.pl\/wp-content\/uploads\/2024\/12\/icon1.png\" alt=\"\" class=\"wp-image-285\"\/><\/a><\/figure>\n\n\n\n<figure class=\"wp-block-image size-full\"><a href=\"https:\/\/www.researchgate.net\/profile\/Wekselberg-Victor\" target=\"_blank\" rel=\" noreferrer noopener\"><img loading=\"lazy\" decoding=\"async\" width=\"32\" height=\"32\" src=\"https:\/\/igauss.pl\/wp-content\/uploads\/2024\/12\/icon2.png\" alt=\"\" class=\"wp-image-286\"\/><\/a><\/figure>\n\n\n\n<figure class=\"wp-block-image size-full\"><a href=\"https:\/\/www.linkedin.com\/in\/vwekselberg\/\" target=\"_blank\" rel=\" noreferrer noopener\"><img loading=\"lazy\" decoding=\"async\" width=\"32\" height=\"32\" src=\"https:\/\/igauss.pl\/wp-content\/uploads\/2024\/12\/icon3.png\" alt=\"\" class=\"wp-image-288\"\/><\/a><\/figure>\n<\/div>\n<\/div>\n\n\t<\/div>\n\n\n\n<div class=\"col-12 col-md-6 offset-md-1\">\n\t\t\t\n\n<figure class=\"wp-block-image size-full\"><img loading=\"lazy\" decoding=\"async\" width=\"640\" height=\"640\" src=\"https:\/\/igauss.pl\/wp-content\/uploads\/2024\/12\/dr-Victor-Wekselberg.jpg\" alt=\"\" class=\"wp-image-198\" srcset=\"https:\/\/igauss.pl\/wp-content\/uploads\/2024\/12\/dr-Victor-Wekselberg.jpg 640w, https:\/\/igauss.pl\/wp-content\/uploads\/2024\/12\/dr-Victor-Wekselberg-300x300.jpg 300w, https:\/\/igauss.pl\/wp-content\/uploads\/2024\/12\/dr-Victor-Wekselberg-150x150.jpg 150w\" sizes=\"auto, (max-width: 640px) 100vw, 640px\" \/><\/figure>\n\n\t<\/div>\n\n<\/div>\n\n<\/div>\n\n\n\n<div aria-hidden=\"true\" class=\"wp-block-fsb-flexible-spacer fsb-flexible-spacer\"><div class=\"fsb-flexible-spacer__device fsb-flexible-spacer__device--lg\" style=\"height:4rem\"><\/div><div class=\"fsb-flexible-spacer__device fsb-flexible-spacer__device--md\" style=\"height:4rem\"><\/div><div class=\"fsb-flexible-spacer__device fsb-flexible-spacer__device--sm\" style=\"height:2rem\"><\/div><\/div>\n<\/div>\n\n\n\n<section class=\"wp-block-group has-black-background-color has-background has-global-padding is-layout-constrained wp-block-group-is-layout-constrained\">\n<div aria-hidden=\"true\" class=\"wp-block-fsb-flexible-spacer fsb-flexible-spacer\"><div class=\"fsb-flexible-spacer__device fsb-flexible-spacer__device--lg\" style=\"height:4rem\"><\/div><div class=\"fsb-flexible-spacer__device fsb-flexible-spacer__device--md\" style=\"height:4rem\"><\/div><div class=\"fsb-flexible-spacer__device fsb-flexible-spacer__device--sm\" style=\"height:2rem\"><\/div><\/div>\n\n\n<div class=\"wp-bootstrap-blocks-container container mb-2\">\n\t\n<div class=\"wp-bootstrap-blocks-row row\">\n\t\n\n<div class=\"col-12 col-sm-12 col-md-12 col-lg-6\">\n\t\t\t\n\n<h2 class=\"wp-block-heading has-white-color has-text-color has-link-color wp-elements-facd16ad061a2541de756a773edbb0c7\" style=\"font-size:clamp(1.743rem, 1.743rem + ((1vw - 0.2rem) * 1.524), 3rem);\">The Gauss Institute<\/h2>\n\n\n\n<div aria-hidden=\"true\" class=\"wp-block-fsb-flexible-spacer fsb-flexible-spacer\"><div class=\"fsb-flexible-spacer__device fsb-flexible-spacer__device--lg\" style=\"height:2rem\"><\/div><div class=\"fsb-flexible-spacer__device fsb-flexible-spacer__device--md\" style=\"height:2rem\"><\/div><div class=\"fsb-flexible-spacer__device fsb-flexible-spacer__device--sm\" style=\"height:2rem\"><\/div><\/div>\n\n\n\n<p class=\"has-white-color has-text-color has-link-color has-montserrat-font-family wp-elements-4ec5710217adbf263a71a846b912fd95\" style=\"font-size:clamp(0.875rem, 0.875rem + ((1vw - 0.2rem) * 0.273), 1.1rem);\">We apply the knowledge and methods of organizational psychology, and data gathered in companies, in our everyday work. Advanced statistical methods are used in our analyses. The Institute is named after the great German scholar Carl Friedrich Gauss, creator of \u2013 among other things \u2013 the Gaussian distribution.<\/p>\n\n\t<\/div>\n\n\n\n<div class=\"col-12 col-sm-12 col-md-12 col-lg-6\">\n\t\t\t\n\n<figure class=\"wp-block-image size-full\"><img loading=\"lazy\" decoding=\"async\" width=\"1031\" height=\"451\" src=\"https:\/\/igauss.pl\/wp-content\/uploads\/2024\/12\/wykres.png\" alt=\"\" class=\"wp-image-205\" style=\"aspect-ratio:16\/9;object-fit:cover\" srcset=\"https:\/\/igauss.pl\/wp-content\/uploads\/2024\/12\/wykres.png 1031w, https:\/\/igauss.pl\/wp-content\/uploads\/2024\/12\/wykres-300x131.png 300w, https:\/\/igauss.pl\/wp-content\/uploads\/2024\/12\/wykres-1024x448.png 1024w, https:\/\/igauss.pl\/wp-content\/uploads\/2024\/12\/wykres-768x336.png 768w\" sizes=\"auto, (max-width: 1031px) 100vw, 1031px\" \/><\/figure>\n\n\t<\/div>\n\n<\/div>\n\n<\/div>\n\n\n\n<div aria-hidden=\"true\" class=\"wp-block-fsb-flexible-spacer fsb-flexible-spacer\"><div class=\"fsb-flexible-spacer__device fsb-flexible-spacer__device--lg\" style=\"height:2rem\"><\/div><div class=\"fsb-flexible-spacer__device fsb-flexible-spacer__device--md\" style=\"height:2rem\"><\/div><div class=\"fsb-flexible-spacer__device fsb-flexible-spacer__device--sm\" style=\"height:2rem\"><\/div><\/div>\n<\/section>\n\n\n\n<div class=\"wp-block-group has-global-padding is-layout-constrained wp-block-group-is-layout-constrained\">\n<div aria-hidden=\"true\" class=\"wp-block-fsb-flexible-spacer fsb-flexible-spacer\"><div class=\"fsb-flexible-spacer__device fsb-flexible-spacer__device--lg\" style=\"height:5rem\"><\/div><div class=\"fsb-flexible-spacer__device fsb-flexible-spacer__device--md\" style=\"height:5rem\"><\/div><div class=\"fsb-flexible-spacer__device fsb-flexible-spacer__device--sm\" style=\"height:5rem\"><\/div><\/div>\n\n\n<div class=\"wp-bootstrap-blocks-container container mb-2\">\n\t\n<div class=\"wp-bootstrap-blocks-row row\">\n\t\n\n<div class=\"col-12 col-md-6\">\n\t\t\t\n\n<figure class=\"wp-block-image aligncenter size-full\"><img loading=\"lazy\" decoding=\"async\" width=\"352\" height=\"500\" src=\"https:\/\/igauss.pl\/wp-content\/uploads\/2024\/12\/ksiazka1.jpg\" alt=\"\" class=\"wp-image-278\" srcset=\"https:\/\/igauss.pl\/wp-content\/uploads\/2024\/12\/ksiazka1.jpg 352w, https:\/\/igauss.pl\/wp-content\/uploads\/2024\/12\/ksiazka1-211x300.jpg 211w\" sizes=\"auto, (max-width: 352px) 100vw, 352px\" \/><\/figure>\n\n\n\n<h3 class=\"wp-block-heading has-text-align-center\" style=\"font-size:clamp(0.984rem, 0.984rem + ((1vw - 0.2rem) * 0.625), 1.5rem);font-style:normal;font-weight:300\">Ma\u0142a ksi\u0105\u017ceczka o wsp\u00f3\u0142pracy<\/h3>\n\n\n\n<p class=\"has-text-align-center\">Autorzy:&nbsp;Victor&nbsp;Wekselberg, <br>Jacek&nbsp;Wasilewski. Difin (2021)<\/p>\n\n\t<\/div>\n\n\n\n<div class=\"col-12 col-md-6\">\n\t\t\t\n\n<figure class=\"wp-block-image aligncenter size-full\"><img loading=\"lazy\" decoding=\"async\" width=\"309\" height=\"500\" src=\"https:\/\/igauss.pl\/wp-content\/uploads\/2024\/12\/ksiazka2.jpg\" alt=\"\" class=\"wp-image-279\" srcset=\"https:\/\/igauss.pl\/wp-content\/uploads\/2024\/12\/ksiazka2.jpg 309w, https:\/\/igauss.pl\/wp-content\/uploads\/2024\/12\/ksiazka2-185x300.jpg 185w\" sizes=\"auto, (max-width: 309px) 100vw, 309px\" \/><\/figure>\n\n\n\n<h3 class=\"wp-block-heading has-text-align-center\" style=\"font-size:clamp(0.984rem, 0.984rem + ((1vw - 0.2rem) * 0.625), 1.5rem);font-style:normal;font-weight:300\">Pi\u0119\u0107 wymiar\u00f3w cz\u0142owieka<\/h3>\n\n\n\n<p class=\"has-text-align-center\">Autorzy:&nbsp;Darek&nbsp;Ambroziak, <br>Victor&nbsp;Weskelberg, <br>Jacek&nbsp;Wasielewski <br>(2022, w druku)<\/p>\n\n\t<\/div>\n\n<\/div>\n\n<\/div>\n\n\n\n<div aria-hidden=\"true\" class=\"wp-block-fsb-flexible-spacer fsb-flexible-spacer\"><div class=\"fsb-flexible-spacer__device fsb-flexible-spacer__device--lg\" style=\"height:2rem\"><\/div><div class=\"fsb-flexible-spacer__device fsb-flexible-spacer__device--md\" style=\"height:2rem\"><\/div><div class=\"fsb-flexible-spacer__device fsb-flexible-spacer__device--sm\" style=\"height:2rem\"><\/div><\/div>\n<\/div>\n\n\n\n<div class=\"wp-block-group has-global-padding is-layout-constrained wp-block-group-is-layout-constrained\">\n<div aria-hidden=\"true\" class=\"wp-block-fsb-flexible-spacer fsb-flexible-spacer\"><div class=\"fsb-flexible-spacer__device fsb-flexible-spacer__device--lg\" style=\"height:3rem\"><\/div><div class=\"fsb-flexible-spacer__device fsb-flexible-spacer__device--md\" style=\"height:3rem\"><\/div><div class=\"fsb-flexible-spacer__device fsb-flexible-spacer__device--sm\" style=\"height:3rem\"><\/div><\/div>\n\n\n<div class=\"wp-bootstrap-blocks-container container mb-2\">\n\t\n<div class=\"wp-bootstrap-blocks-row row\">\n\t\n\n<div class=\"col-12 col-md-12 col-lg-8\">\n\t\t\t\n\n<h2 class=\"wp-block-heading\" style=\"font-size:clamp(2.2rem, 2.2rem + ((1vw - 0.2rem) * 2.182), 4rem);font-style:normal;font-weight:300\">Let\u2019s meet up!<\/h2>\n\n\n\n<p>We\u2019d be happen to hear about the challenges your organization is facing and how we might help you.<\/p>\n\n\t<\/div>\n\n\n\n<div class=\"col-12 col-md-12 col-lg-3 offset-lg-1\">\n\t\t\t\n\n<div class=\"wp-block-group h-100 d-flex flex-column justify-content-center has-global-padding is-layout-constrained wp-block-group-is-layout-constrained\">\n<div class=\"wp-block-buttons d-contents is-layout-flex wp-block-buttons-is-layout-flex\">\n<div class=\"wp-block-button has-montserrat-font-family\"><a class=\"wp-block-button__link has-gold-background-color has-background wp-element-button\" href=\"https:\/\/igauss.pl\/en\/contact\/\" style=\"border-radius:0px;padding-top:var(--wp--preset--spacing--40);padding-right:var(--wp--preset--spacing--60);padding-bottom:var(--wp--preset--spacing--40);padding-left:var(--wp--preset--spacing--60)\">Let&#8217;s meet up<\/a><\/div>\n<\/div>\n<\/div>\n\n\t<\/div>\n\n<\/div>\n\n<\/div>\n\n\n\n<div aria-hidden=\"true\" class=\"wp-block-fsb-flexible-spacer fsb-flexible-spacer\"><div class=\"fsb-flexible-spacer__device fsb-flexible-spacer__device--lg\" style=\"height:3rem\"><\/div><div class=\"fsb-flexible-spacer__device fsb-flexible-spacer__device--md\" style=\"height:3rem\"><\/div><div class=\"fsb-flexible-spacer__device fsb-flexible-spacer__device--sm\" style=\"height:3rem\"><\/div><\/div>\n<\/div>\n","protected":false},"excerpt":{"rendered":"","protected":false},"author":3,"featured_media":0,"parent":0,"menu_order":0,"comment_status":"closed","ping_status":"closed","template":"","meta":{"_acf_changed":false,"footnotes":""},"class_list":["post-671","page","type-page","status-publish","hentry"],"acf":[],"yoast_head":"<!-- This site is optimized with the Yoast SEO plugin v27.3 - https:\/\/yoast.com\/product\/yoast-seo-wordpress\/ -->\n<title>About us - Instytut Gaussa<\/title>\n<meta name=\"description\" content=\"Wyzwalamy potencja\u0142 organizacji.Zderzamy intuicj\u0119 biznesow\u0105 Klient\u00f3w z twardymi faktami. Pomagamy szybciej i sprawniej osi\u0105ga\u0107 Twoje cele.\" \/>\n<meta name=\"robots\" content=\"index, follow, max-snippet:-1, max-image-preview:large, max-video-preview:-1\" \/>\n<link rel=\"canonical\" href=\"https:\/\/igauss.pl\/en\/about-us\/\" \/>\n<meta property=\"og:locale\" content=\"en_US\" \/>\n<meta property=\"og:type\" content=\"article\" \/>\n<meta property=\"og:title\" content=\"About us - Instytut Gaussa\" \/>\n<meta property=\"og:description\" content=\"Wyzwalamy potencja\u0142 organizacji.Zderzamy intuicj\u0119 biznesow\u0105 Klient\u00f3w z twardymi faktami. Pomagamy szybciej i sprawniej osi\u0105ga\u0107 Twoje cele.\" \/>\n<meta property=\"og:url\" content=\"https:\/\/igauss.pl\/en\/about-us\/\" \/>\n<meta property=\"og:site_name\" content=\"Instytut Gaussa\" \/>\n<meta property=\"article:modified_time\" content=\"2025-11-13T11:50:03+00:00\" \/>\n<meta property=\"og:image\" content=\"https:\/\/igauss.pl\/wp-content\/uploads\/2024\/12\/darek-ambroziak.jpg\" \/>\n\t<meta property=\"og:image:width\" content=\"640\" \/>\n\t<meta property=\"og:image:height\" content=\"640\" \/>\n\t<meta property=\"og:image:type\" content=\"image\/jpeg\" \/>\n<meta name=\"twitter:card\" content=\"summary_large_image\" \/>\n<meta name=\"twitter:label1\" content=\"Est. reading time\" \/>\n\t<meta name=\"twitter:data1\" content=\"4 minutes\" \/>\n<script type=\"application\/ld+json\" class=\"yoast-schema-graph\">{\"@context\":\"https:\\\/\\\/schema.org\",\"@graph\":[{\"@type\":\"WebPage\",\"@id\":\"https:\\\/\\\/igauss.pl\\\/en\\\/about-us\\\/\",\"url\":\"https:\\\/\\\/igauss.pl\\\/en\\\/about-us\\\/\",\"name\":\"About us - Instytut Gaussa\",\"isPartOf\":{\"@id\":\"https:\\\/\\\/igauss.pl\\\/en\\\/#website\"},\"primaryImageOfPage\":{\"@id\":\"https:\\\/\\\/igauss.pl\\\/en\\\/about-us\\\/#primaryimage\"},\"image\":{\"@id\":\"https:\\\/\\\/igauss.pl\\\/en\\\/about-us\\\/#primaryimage\"},\"thumbnailUrl\":\"https:\\\/\\\/igauss.pl\\\/wp-content\\\/uploads\\\/2024\\\/12\\\/darek-ambroziak.jpg\",\"datePublished\":\"2024-12-17T12:39:20+00:00\",\"dateModified\":\"2025-11-13T11:50:03+00:00\",\"description\":\"Wyzwalamy potencja\u0142 organizacji.Zderzamy intuicj\u0119 biznesow\u0105 Klient\u00f3w z twardymi faktami. Pomagamy szybciej i sprawniej osi\u0105ga\u0107 Twoje cele.\",\"breadcrumb\":{\"@id\":\"https:\\\/\\\/igauss.pl\\\/en\\\/about-us\\\/#breadcrumb\"},\"inLanguage\":\"en-US\",\"potentialAction\":[{\"@type\":\"ReadAction\",\"target\":[\"https:\\\/\\\/igauss.pl\\\/en\\\/about-us\\\/\"]}]},{\"@type\":\"ImageObject\",\"inLanguage\":\"en-US\",\"@id\":\"https:\\\/\\\/igauss.pl\\\/en\\\/about-us\\\/#primaryimage\",\"url\":\"https:\\\/\\\/igauss.pl\\\/wp-content\\\/uploads\\\/2024\\\/12\\\/darek-ambroziak.jpg\",\"contentUrl\":\"https:\\\/\\\/igauss.pl\\\/wp-content\\\/uploads\\\/2024\\\/12\\\/darek-ambroziak.jpg\"},{\"@type\":\"BreadcrumbList\",\"@id\":\"https:\\\/\\\/igauss.pl\\\/en\\\/about-us\\\/#breadcrumb\",\"itemListElement\":[{\"@type\":\"ListItem\",\"position\":1,\"name\":\"Strona g\u0142\u00f3wna\",\"item\":\"https:\\\/\\\/igauss.pl\\\/en\\\/\"},{\"@type\":\"ListItem\",\"position\":2,\"name\":\"About us\"}]},{\"@type\":\"WebSite\",\"@id\":\"https:\\\/\\\/igauss.pl\\\/en\\\/#website\",\"url\":\"https:\\\/\\\/igauss.pl\\\/en\\\/\",\"name\":\"Instytut Gaussa\",\"description\":\"\",\"potentialAction\":[{\"@type\":\"SearchAction\",\"target\":{\"@type\":\"EntryPoint\",\"urlTemplate\":\"https:\\\/\\\/igauss.pl\\\/en\\\/?s={search_term_string}\"},\"query-input\":{\"@type\":\"PropertyValueSpecification\",\"valueRequired\":true,\"valueName\":\"search_term_string\"}}],\"inLanguage\":\"en-US\"}]}<\/script>\n<!-- \/ Yoast SEO plugin. -->","yoast_head_json":{"title":"About us - Instytut Gaussa","description":"Wyzwalamy potencja\u0142 organizacji.Zderzamy intuicj\u0119 biznesow\u0105 Klient\u00f3w z twardymi faktami. Pomagamy szybciej i sprawniej osi\u0105ga\u0107 Twoje cele.","robots":{"index":"index","follow":"follow","max-snippet":"max-snippet:-1","max-image-preview":"max-image-preview:large","max-video-preview":"max-video-preview:-1"},"canonical":"https:\/\/igauss.pl\/en\/about-us\/","og_locale":"en_US","og_type":"article","og_title":"About us - Instytut Gaussa","og_description":"Wyzwalamy potencja\u0142 organizacji.Zderzamy intuicj\u0119 biznesow\u0105 Klient\u00f3w z twardymi faktami. Pomagamy szybciej i sprawniej osi\u0105ga\u0107 Twoje cele.","og_url":"https:\/\/igauss.pl\/en\/about-us\/","og_site_name":"Instytut Gaussa","article_modified_time":"2025-11-13T11:50:03+00:00","og_image":[{"width":640,"height":640,"url":"https:\/\/igauss.pl\/wp-content\/uploads\/2024\/12\/darek-ambroziak.jpg","type":"image\/jpeg"}],"twitter_card":"summary_large_image","twitter_misc":{"Est. reading time":"4 minutes"},"schema":{"@context":"https:\/\/schema.org","@graph":[{"@type":"WebPage","@id":"https:\/\/igauss.pl\/en\/about-us\/","url":"https:\/\/igauss.pl\/en\/about-us\/","name":"About us - Instytut Gaussa","isPartOf":{"@id":"https:\/\/igauss.pl\/en\/#website"},"primaryImageOfPage":{"@id":"https:\/\/igauss.pl\/en\/about-us\/#primaryimage"},"image":{"@id":"https:\/\/igauss.pl\/en\/about-us\/#primaryimage"},"thumbnailUrl":"https:\/\/igauss.pl\/wp-content\/uploads\/2024\/12\/darek-ambroziak.jpg","datePublished":"2024-12-17T12:39:20+00:00","dateModified":"2025-11-13T11:50:03+00:00","description":"Wyzwalamy potencja\u0142 organizacji.Zderzamy intuicj\u0119 biznesow\u0105 Klient\u00f3w z twardymi faktami. Pomagamy szybciej i sprawniej osi\u0105ga\u0107 Twoje cele.","breadcrumb":{"@id":"https:\/\/igauss.pl\/en\/about-us\/#breadcrumb"},"inLanguage":"en-US","potentialAction":[{"@type":"ReadAction","target":["https:\/\/igauss.pl\/en\/about-us\/"]}]},{"@type":"ImageObject","inLanguage":"en-US","@id":"https:\/\/igauss.pl\/en\/about-us\/#primaryimage","url":"https:\/\/igauss.pl\/wp-content\/uploads\/2024\/12\/darek-ambroziak.jpg","contentUrl":"https:\/\/igauss.pl\/wp-content\/uploads\/2024\/12\/darek-ambroziak.jpg"},{"@type":"BreadcrumbList","@id":"https:\/\/igauss.pl\/en\/about-us\/#breadcrumb","itemListElement":[{"@type":"ListItem","position":1,"name":"Strona g\u0142\u00f3wna","item":"https:\/\/igauss.pl\/en\/"},{"@type":"ListItem","position":2,"name":"About us"}]},{"@type":"WebSite","@id":"https:\/\/igauss.pl\/en\/#website","url":"https:\/\/igauss.pl\/en\/","name":"Instytut Gaussa","description":"","potentialAction":[{"@type":"SearchAction","target":{"@type":"EntryPoint","urlTemplate":"https:\/\/igauss.pl\/en\/?s={search_term_string}"},"query-input":{"@type":"PropertyValueSpecification","valueRequired":true,"valueName":"search_term_string"}}],"inLanguage":"en-US"}]}},"_links":{"self":[{"href":"https:\/\/igauss.pl\/en\/wp-json\/wp\/v2\/pages\/671","targetHints":{"allow":["GET"]}}],"collection":[{"href":"https:\/\/igauss.pl\/en\/wp-json\/wp\/v2\/pages"}],"about":[{"href":"https:\/\/igauss.pl\/en\/wp-json\/wp\/v2\/types\/page"}],"author":[{"embeddable":true,"href":"https:\/\/igauss.pl\/en\/wp-json\/wp\/v2\/users\/3"}],"replies":[{"embeddable":true,"href":"https:\/\/igauss.pl\/en\/wp-json\/wp\/v2\/comments?post=671"}],"version-history":[{"count":10,"href":"https:\/\/igauss.pl\/en\/wp-json\/wp\/v2\/pages\/671\/revisions"}],"predecessor-version":[{"id":686,"href":"https:\/\/igauss.pl\/en\/wp-json\/wp\/v2\/pages\/671\/revisions\/686"}],"wp:attachment":[{"href":"https:\/\/igauss.pl\/en\/wp-json\/wp\/v2\/media?parent=671"}],"curies":[{"name":"wp","href":"https:\/\/api.w.org\/{rel}","templated":true}]}}